{"id":3487,"date":"2022-03-22T11:50:35","date_gmt":"2022-03-22T10:50:35","guid":{"rendered":"https:\/\/cuponet.online\/contacto\/"},"modified":"2025-10-20T09:23:55","modified_gmt":"2025-10-20T07:23:55","slug":"contacto","status":"publish","type":"page","link":"https:\/\/visitaltafulla.cat\/es\/contacto\/","title":{"rendered":"Contacto"},"content":{"rendered":"<p>[et_pb_section fb_built=\u00bb1&#8243; custom_padding_last_edited=\u00bbon|tablet\u00bb admin_label=\u00bbOur Guides\u00bb _builder_version=\u00bb4.17.4&#8243; custom_padding=\u00bb35px||0px||false|false\u00bb custom_padding_tablet=\u00bb60px||60px|\u00bb custom_padding_phone=\u00bb\u00bb locked=\u00bboff\u00bb global_colors_info=\u00bb{}\u00bb][et_pb_row custom_padding_last_edited=\u00bbon|tablet\u00bb admin_label=\u00bbOur Guides Title\u00bb _builder_version=\u00bb4.17.4&#8243; background_size=\u00bbinitial\u00bb background_position=\u00bbtop_left\u00bb background_repeat=\u00bbrepeat\u00bb custom_margin=\u00bb-1px|auto||auto|false|false\u00bb custom_padding=\u00bb20px|0px|10px|0px|false|false\u00bb custom_padding_tablet=\u00bb0px||0px|\u00bb custom_padding_phone=\u00bb\u00bb global_colors_info=\u00bb{}\u00bb][et_pb_column type=\u00bb4_4&#8243; _builder_version=\u00bb4.16&#8243; custom_padding=\u00bb|||\u00bb global_colors_info=\u00bb{}\u00bb custom_padding__hover=\u00bb|||\u00bb][et_pb_text _builder_version=\u00bb4.17.4&#8243; _module_preset=\u00bbdefault\u00bb text_font=\u00bbPoppins||||||||\u00bb header_5_font_size=\u00bb30px\u00bb header_5_letter_spacing=\u00bb5px\u00bb global_colors_info=\u00bb{}\u00bb]<\/p>\n<p><span style=\"color: #000000;\"><a href=\"https:\/\/visitaltafulla.cat\/es\/\" style=\"color: #000000;\"><span style=\"text-decoration: underline;\">Inicio<\/span><\/a> \/ Contacto<\/span><\/p>\n<p>[\/et_pb_text][\/et_pb_column][\/et_pb_row][et_pb_row column_structure=\u00bb1_2,1_2&#8243; custom_padding_last_edited=\u00bbon|tablet\u00bb admin_label=\u00bbOur Guides Title\u00bb _builder_version=\u00bb4.16&#8243; background_size=\u00bbinitial\u00bb background_position=\u00bbtop_left\u00bb background_repeat=\u00bbrepeat\u00bb custom_padding=\u00bb30px|0px|31px|0px||\u00bb custom_padding_tablet=\u00bb0px||0px|\u00bb custom_padding_phone=\u00bb\u00bb global_colors_info=\u00bb{}\u00bb][et_pb_column type=\u00bb1_2&#8243; _builder_version=\u00bb4.16&#8243; custom_padding=\u00bb|||\u00bb global_colors_info=\u00bb{}\u00bb custom_padding__hover=\u00bb|||\u00bb][et_pb_text admin_label=\u00bbTeam Title\u00bb _builder_version=\u00bb4.27.4&#8243; text_font=\u00bb||||||||\u00bb text_text_color=\u00bb#1a1a1a\u00bb text_font_size=\u00bb18px\u00bb text_line_height=\u00bb1.4em\u00bb header_font=\u00bbPoppins|800|||||||\u00bb header_text_align=\u00bbcenter\u00bb header_font_size=\u00bb65px\u00bb header_2_font=\u00bb||||||||\u00bb background_size=\u00bbinitial\u00bb background_position=\u00bbtop_left\u00bb background_repeat=\u00bbrepeat\u00bb module_alignment=\u00bbcenter\u00bb custom_margin=\u00bb|||\u00bb custom_padding=\u00bb|||\u00bb animation_style=\u00bbslide\u00bb animation_direction=\u00bbtop\u00bb animation_intensity_slide=\u00bb10%\u00bb locked=\u00bboff\u00bb global_colors_info=\u00bb{}\u00bb]<\/p>\n<h1 style=\"text-align: left;\">Contacto<\/h1>\n<p>Puede contactar con la oficina de Turismo:<\/p>\n<p>Pla\u00e7a dels Vents, s\/n<br \/>43893 Altafulla (Tarragona)<br \/>Tel. 977 651 426<br \/>Email: <a>turisme@altafulla.cat<\/a><\/p>\n<h2>Horario temporada baja<\/h2>\n<h3>De martes a s\u00e1bados<\/h3>\n<p>De 10:00h a 14:00h<\/p>\n<h2>Horario verano<\/h2>\n<h3>De lunes a s\u00e1bados<\/h3>\n<p>De 10:00h a 14:00h<br \/>De 16:30h a 20:00h<\/p>\n<h3>Domingos y festivos<\/h3>\n<p>De 10:00h a 14:00h<\/p>\n<p>[\/et_pb_text][\/et_pb_column][et_pb_column type=\u00bb1_2&#8243; _builder_version=\u00bb4.16&#8243; custom_padding=\u00bb|||\u00bb global_colors_info=\u00bb{}\u00bb custom_padding__hover=\u00bb|||\u00bb][et_pb_image src=\u00bbhttps:\/\/visitaltafulla.cat\/wp-content\/uploads\/2024\/06\/AjuntamentAltafulla-Turisme.webp\u00bb alt=\u00bbAjuntament Altafulla Turisme\u00bb title_text=\u00bbAjuntamentAltafulla-Turisme\u00bb _builder_version=\u00bb4.25.2&#8243; _module_preset=\u00bbdefault\u00bb global_colors_info=\u00bb{}\u00bb][\/et_pb_image][\/et_pb_column][\/et_pb_row][\/et_pb_section]<\/p>\n","protected":false},"excerpt":{"rendered":"<p>Inicio \/ ContactoContacto Puede contactar con la oficina de Turismo: Pla\u00e7a dels Vents, s\/n43893 Altafulla (Tarragona)Tel. 977 651 426Email: turisme@altafulla.cat Horario temporada baja De martes a s\u00e1bados De 10:00h a [&hellip;]<\/p>\n","protected":false},"author":1,"featured_media":0,"parent":0,"menu_order":0,"comment_status":"closed","ping_status":"closed","template":"","meta":{"_et_pb_use_builder":"on","_et_pb_old_content":"","_et_gb_content_width":"","footnotes":""},"class_list":["post-3487","page","type-page","status-publish","hentry"],"yoast_head":"<!-- This site is optimized with the Yoast SEO plugin v27.3 - https:\/\/yoast.com\/product\/yoast-seo-wordpress\/ -->\n<title>Oficina Turismo Altafulla<\/title>\n<meta name=\"description\" content=\"Contactar con Oficina Turismo de Altafulla. Estamos en la Pla\u00e7a dels Vents. Env\u00edanos un email o ll\u00e1manos por tel\u00e9fono 977 651 426\" \/>\n<meta name=\"robots\" content=\"index, follow, max-snippet:-1, max-image-preview:large, max-video-preview:-1\" \/>\n<link rel=\"canonical\" href=\"https:\/\/visitaltafulla.cat\/es\/contacto\/\" \/>\n<meta property=\"og:locale\" content=\"es_ES\" \/>\n<meta property=\"og:type\" content=\"article\" \/>\n<meta property=\"og:title\" content=\"Oficina Turismo Altafulla\" \/>\n<meta property=\"og:description\" content=\"Contactar con Oficina Turismo de Altafulla. Estamos en la Pla\u00e7a dels Vents. Env\u00edanos un email o ll\u00e1manos por tel\u00e9fono 977 651 426\" \/>\n<meta property=\"og:url\" content=\"https:\/\/visitaltafulla.cat\/es\/contacto\/\" \/>\n<meta property=\"og:site_name\" content=\"Altafulla\" \/>\n<meta property=\"article:modified_time\" content=\"2025-10-20T07:23:55+00:00\" \/>\n<meta name=\"twitter:card\" content=\"summary_large_image\" \/>\n<meta name=\"twitter:label1\" content=\"Tiempo de lectura\" \/>\n\t<meta name=\"twitter:data1\" content=\"1 minuto\" \/>\n<script type=\"application\/ld+json\" class=\"yoast-schema-graph\">{\"@context\":\"https:\\\/\\\/schema.org\",\"@graph\":[{\"@type\":\"WebPage\",\"@id\":\"https:\\\/\\\/visitaltafulla.cat\\\/es\\\/contacto\\\/\",\"url\":\"https:\\\/\\\/visitaltafulla.cat\\\/es\\\/contacto\\\/\",\"name\":\"Oficina Turismo Altafulla\",\"isPartOf\":{\"@id\":\"https:\\\/\\\/visitaltafulla.cat\\\/es\\\/#website\"},\"datePublished\":\"2022-03-22T10:50:35+00:00\",\"dateModified\":\"2025-10-20T07:23:55+00:00\",\"description\":\"Contactar con Oficina Turismo de Altafulla. Estamos en la Pla\u00e7a dels Vents. Env\u00edanos un email o ll\u00e1manos por tel\u00e9fono 977 651 426\",\"breadcrumb\":{\"@id\":\"https:\\\/\\\/visitaltafulla.cat\\\/es\\\/contacto\\\/#breadcrumb\"},\"inLanguage\":\"es\",\"potentialAction\":[{\"@type\":\"ReadAction\",\"target\":[\"https:\\\/\\\/visitaltafulla.cat\\\/es\\\/contacto\\\/\"]}]},{\"@type\":\"BreadcrumbList\",\"@id\":\"https:\\\/\\\/visitaltafulla.cat\\\/es\\\/contacto\\\/#breadcrumb\",\"itemListElement\":[{\"@type\":\"ListItem\",\"position\":1,\"name\":\"Inici\",\"item\":\"https:\\\/\\\/visitaltafulla.cat\\\/es\\\/\"},{\"@type\":\"ListItem\",\"position\":2,\"name\":\"Contacto\"}]},{\"@type\":\"WebSite\",\"@id\":\"https:\\\/\\\/visitaltafulla.cat\\\/es\\\/#website\",\"url\":\"https:\\\/\\\/visitaltafulla.cat\\\/es\\\/\",\"name\":\"Altafulla\",\"description\":\"On s&#039;inspira el talent\",\"potentialAction\":[{\"@type\":\"SearchAction\",\"target\":{\"@type\":\"EntryPoint\",\"urlTemplate\":\"https:\\\/\\\/visitaltafulla.cat\\\/es\\\/?s={search_term_string}\"},\"query-input\":{\"@type\":\"PropertyValueSpecification\",\"valueRequired\":true,\"valueName\":\"search_term_string\"}}],\"inLanguage\":\"es\"}]}<\/script>\n<!-- \/ Yoast SEO plugin. -->","yoast_head_json":{"title":"Oficina Turismo Altafulla","description":"Contactar con Oficina Turismo de Altafulla. Estamos en la Pla\u00e7a dels Vents. Env\u00edanos un email o ll\u00e1manos por tel\u00e9fono 977 651 426","robots":{"index":"index","follow":"follow","max-snippet":"max-snippet:-1","max-image-preview":"max-image-preview:large","max-video-preview":"max-video-preview:-1"},"canonical":"https:\/\/visitaltafulla.cat\/es\/contacto\/","og_locale":"es_ES","og_type":"article","og_title":"Oficina Turismo Altafulla","og_description":"Contactar con Oficina Turismo de Altafulla. Estamos en la Pla\u00e7a dels Vents. Env\u00edanos un email o ll\u00e1manos por tel\u00e9fono 977 651 426","og_url":"https:\/\/visitaltafulla.cat\/es\/contacto\/","og_site_name":"Altafulla","article_modified_time":"2025-10-20T07:23:55+00:00","twitter_card":"summary_large_image","twitter_misc":{"Tiempo de lectura":"1 minuto"},"schema":{"@context":"https:\/\/schema.org","@graph":[{"@type":"WebPage","@id":"https:\/\/visitaltafulla.cat\/es\/contacto\/","url":"https:\/\/visitaltafulla.cat\/es\/contacto\/","name":"Oficina Turismo Altafulla","isPartOf":{"@id":"https:\/\/visitaltafulla.cat\/es\/#website"},"datePublished":"2022-03-22T10:50:35+00:00","dateModified":"2025-10-20T07:23:55+00:00","description":"Contactar con Oficina Turismo de Altafulla. Estamos en la Pla\u00e7a dels Vents. Env\u00edanos un email o ll\u00e1manos por tel\u00e9fono 977 651 426","breadcrumb":{"@id":"https:\/\/visitaltafulla.cat\/es\/contacto\/#breadcrumb"},"inLanguage":"es","potentialAction":[{"@type":"ReadAction","target":["https:\/\/visitaltafulla.cat\/es\/contacto\/"]}]},{"@type":"BreadcrumbList","@id":"https:\/\/visitaltafulla.cat\/es\/contacto\/#breadcrumb","itemListElement":[{"@type":"ListItem","position":1,"name":"Inici","item":"https:\/\/visitaltafulla.cat\/es\/"},{"@type":"ListItem","position":2,"name":"Contacto"}]},{"@type":"WebSite","@id":"https:\/\/visitaltafulla.cat\/es\/#website","url":"https:\/\/visitaltafulla.cat\/es\/","name":"Altafulla","description":"On s&#039;inspira el talent","potentialAction":[{"@type":"SearchAction","target":{"@type":"EntryPoint","urlTemplate":"https:\/\/visitaltafulla.cat\/es\/?s={search_term_string}"},"query-input":{"@type":"PropertyValueSpecification","valueRequired":true,"valueName":"search_term_string"}}],"inLanguage":"es"}]}},"_links":{"self":[{"href":"https:\/\/visitaltafulla.cat\/es\/wp-json\/wp\/v2\/pages\/3487","targetHints":{"allow":["GET"]}}],"collection":[{"href":"https:\/\/visitaltafulla.cat\/es\/wp-json\/wp\/v2\/pages"}],"about":[{"href":"https:\/\/visitaltafulla.cat\/es\/wp-json\/wp\/v2\/types\/page"}],"author":[{"embeddable":true,"href":"https:\/\/visitaltafulla.cat\/es\/wp-json\/wp\/v2\/users\/1"}],"replies":[{"embeddable":true,"href":"https:\/\/visitaltafulla.cat\/es\/wp-json\/wp\/v2\/comments?post=3487"}],"version-history":[{"count":3,"href":"https:\/\/visitaltafulla.cat\/es\/wp-json\/wp\/v2\/pages\/3487\/revisions"}],"predecessor-version":[{"id":8476,"href":"https:\/\/visitaltafulla.cat\/es\/wp-json\/wp\/v2\/pages\/3487\/revisions\/8476"}],"wp:attachment":[{"href":"https:\/\/visitaltafulla.cat\/es\/wp-json\/wp\/v2\/media?parent=3487"}],"curies":[{"name":"wp","href":"https:\/\/api.w.org\/{rel}","templated":true}]}}