{"id":3531,"date":"2022-03-20T16:18:05","date_gmt":"2022-03-20T15:18:05","guid":{"rendered":"https:\/\/cuponet.online\/planifica-tu-viaje-a-altafulla\/guies-turistiques-altafulla\/"},"modified":"2023-02-01T19:47:14","modified_gmt":"2023-02-01T18:47:14","slug":"guies-turistiques-altafulla","status":"publish","type":"page","link":"https:\/\/visitaltafulla.cat\/es\/planifica-tu-viaje-a-altafulla\/guies-turistiques-altafulla\/","title":{"rendered":"Guies Tur\u00edstiques Altafulla"},"content":{"rendered":"<p>[et_pb_section fb_built=\u00bb1&#8243; custom_padding_last_edited=\u00bbon|tablet\u00bb admin_label=\u00bbOur Guides\u00bb _builder_version=\u00bb4.17.4&#8243; custom_padding=\u00bb35px||0px||false|false\u00bb custom_padding_tablet=\u00bb60px||60px|\u00bb custom_padding_phone=\u00bb\u00bb locked=\u00bboff\u00bb global_colors_info=\u00bb{}\u00bb][et_pb_row custom_padding_last_edited=\u00bbon|tablet\u00bb admin_label=\u00bbOur Guides Title\u00bb _builder_version=\u00bb4.16&#8243; background_size=\u00bbinitial\u00bb background_position=\u00bbtop_left\u00bb background_repeat=\u00bbrepeat\u00bb custom_padding=\u00bb30px|0px|31px|0px||\u00bb custom_padding_tablet=\u00bb0px||0px|\u00bb custom_padding_phone=\u00bb\u00bb global_colors_info=\u00bb{}\u00bb][et_pb_column type=\u00bb4_4&#8243; _builder_version=\u00bb4.16&#8243; custom_padding=\u00bb|||\u00bb global_colors_info=\u00bb{}\u00bb custom_padding__hover=\u00bb|||\u00bb][et_pb_text admin_label=\u00bbTeam Title\u00bb _builder_version=\u00bb4.17.4&#8243; text_font=\u00bb|600|||||||\u00bb text_text_color=\u00bb#1a1a1a\u00bb text_font_size=\u00bb30px\u00bb text_line_height=\u00bb1em\u00bb header_font=\u00bbPoppins|800|||||||\u00bb header_text_align=\u00bbcenter\u00bb header_font_size=\u00bb65px\u00bb header_2_font=\u00bb||||||||\u00bb background_size=\u00bbinitial\u00bb background_position=\u00bbtop_left\u00bb background_repeat=\u00bbrepeat\u00bb module_alignment=\u00bbcenter\u00bb custom_margin=\u00bb|||\u00bb custom_padding=\u00bb|||\u00bb animation_style=\u00bbslide\u00bb animation_direction=\u00bbtop\u00bb animation_intensity_slide=\u00bb10%\u00bb locked=\u00bboff\u00bb global_colors_info=\u00bb{}\u00bb]<\/p>\n<h1 style=\"text-align: left;\">Guias tur\u00edsticas<\/h1>\n<p>PLANIFICA<\/p>\n<p>[\/et_pb_text][\/et_pb_column][\/et_pb_row][et_pb_row custom_padding_last_edited=\u00bbon|tablet\u00bb admin_label=\u00bbOur Guides Title\u00bb _builder_version=\u00bb4.17.4&#8243; background_size=\u00bbinitial\u00bb background_position=\u00bbtop_left\u00bb background_repeat=\u00bbrepeat\u00bb custom_margin=\u00bb20px|auto||auto|false|false\u00bb custom_padding=\u00bb20px|0px|10px|0px|false|false\u00bb custom_padding_tablet=\u00bb0px||0px|\u00bb custom_padding_phone=\u00bb\u00bb global_colors_info=\u00bb{}\u00bb][et_pb_column type=\u00bb4_4&#8243; _builder_version=\u00bb4.16&#8243; custom_padding=\u00bb|||\u00bb global_colors_info=\u00bb{}\u00bb custom_padding__hover=\u00bb|||\u00bb][et_pb_text _builder_version=\u00bb4.17.4&#8243; _module_preset=\u00bbdefault\u00bb text_font=\u00bbPoppins||||||||\u00bb header_5_font_size=\u00bb30px\u00bb header_5_letter_spacing=\u00bb5px\u00bb global_colors_info=\u00bb{}\u00bb]<\/p>\n<p><span style=\"color: #000000;\"><a href=\"https:\/\/visitaltafulla.cat\/es\/\" style=\"color: #000000;\"><span style=\"text-decoration: underline;\">Inicio<\/span><\/a> \/ <a href=\"https:\/\/visitaltafulla.cat\/es\/planifica-tu-viaje-a-altafulla\/\" style=\"color: #000000;\"><span style=\"text-decoration: underline;\">Planifica<\/span><\/a> \/ Guias tur\u00edsticas<\/span><\/p>\n<p>[\/et_pb_text][\/et_pb_column][\/et_pb_row][\/et_pb_section][et_pb_section fb_built=\u00bb1&#8243; custom_padding_last_edited=\u00bbon|tablet\u00bb admin_label=\u00bbOur Guides\u00bb _builder_version=\u00bb4.16&#8243; custom_padding=\u00bb0px||30px||false|false\u00bb custom_padding_tablet=\u00bb60px||60px|\u00bb custom_padding_phone=\u00bb\u00bb global_colors_info=\u00bb{}\u00bb][et_pb_row column_structure=\u00bb1_3,1_3,1_3&#8243; admin_label=\u00bbGuides Grid\u00bb _builder_version=\u00bb4.16&#8243; custom_padding=\u00bb45px|0px|40px|0px||\u00bb global_colors_info=\u00bb{}\u00bb][et_pb_column type=\u00bb1_3&#8243; _builder_version=\u00bb4.16&#8243; custom_padding=\u00bb|||\u00bb global_colors_info=\u00bb{}\u00bb custom_padding__hover=\u00bb|||\u00bb][et_pb_blurb title=\u00bbPLANO ALTAFULLA\u00bb image=\u00bbhttps:\/\/visitaltafulla.cat\/wp-content\/uploads\/2022\/05\/Altafulla-Planell-2022.webp\u00bb alt=\u00bbPlano Altafulla\u00bb _builder_version=\u00bb4.17.4&#8243; header_font=\u00bbPoppins|700|||||||\u00bb header_font_size=\u00bb24px\u00bb body_font=\u00bbPoppins||||||||\u00bb body_text_color=\u00bb#000000&#8243; body_font_size=\u00bb18px\u00bb body_line_height=\u00bb1.9em\u00bb animation_style=\u00bbzoom\u00bb animation_intensity_zoom=\u00bb10%\u00bb locked=\u00bboff\u00bb global_colors_info=\u00bb{}\u00bb]Plano de Altafulla con todos los puntos de inter\u00e9s, hoteles, c\u00e1mpings y turismo rural.[\/et_pb_blurb][et_pb_button button_url=\u00bb@ET-DC@eyJkeW5hbWljIjp0cnVlLCJjb250ZW50IjoicG9zdF9saW5rX3VybF9hdHRhY2htZW50Iiwic2V0dGluZ3MiOnsicG9zdF9pZCI6IjI4NzEifX0=@\u00bb url_new_window=\u00bbon\u00bb button_text=\u00bbDescargar (7.4MB)\u00bb _builder_version=\u00bb4.17.4&#8243; _dynamic_attributes=\u00bbbutton_url\u00bb _module_preset=\u00bbdefault\u00bb custom_button=\u00bbon\u00bb button_border_radius=\u00bb0px\u00bb button_icon=\u00bb&#xf1c1;||fa||400&#8243; button_on_hover=\u00bboff\u00bb global_colors_info=\u00bb{}\u00bb button_text_color__hover=\u00bb#FFFFFF\u00bb button_text_color__hover_enabled=\u00bbon|hover\u00bb button_bg_color__hover=\u00bb#0a0a0a\u00bb button_bg_color__hover_enabled=\u00bbon|hover\u00bb][\/et_pb_button][\/et_pb_column][et_pb_column type=\u00bb1_3&#8243; _builder_version=\u00bb4.16&#8243; custom_padding=\u00bb|||\u00bb global_colors_info=\u00bb{}\u00bb custom_padding__hover=\u00bb|||\u00bb][et_pb_blurb title=\u00bbPLANO TUR\u00cdSTICO\u00bb image=\u00bbhttps:\/\/visitaltafulla.cat\/wp-content\/uploads\/2022\/05\/Altafulla-ElsCaminsDAltafulla-Portada.webp\u00bb alt=\u00bbCaminos Altafulla\u00bb _builder_version=\u00bb4.17.4&#8243; header_font=\u00bbPoppins|700|||||||\u00bb header_font_size=\u00bb24px\u00bb body_font=\u00bbPoppins||||||||\u00bb body_text_color=\u00bb#000000&#8243; body_font_size=\u00bb18px\u00bb body_line_height=\u00bb1.9em\u00bb animation_style=\u00bbzoom\u00bb animation_intensity_zoom=\u00bb10%\u00bb locked=\u00bboff\u00bb global_colors_info=\u00bb{}\u00bb]Plano tur\u00edstico de Altafulla con los puntos de inter\u00e9s y un \u00edndice topon\u00edmico.[\/et_pb_blurb][et_pb_button button_url=\u00bb@ET-DC@eyJkeW5hbWljIjp0cnVlLCJjb250ZW50IjoicG9zdF9saW5rX3VybF9hdHRhY2htZW50Iiwic2V0dGluZ3MiOnsicG9zdF9pZCI6IjI4NjcifX0=@\u00bb url_new_window=\u00bbon\u00bb button_text=\u00bbDescargar (10.4MB)\u00bb _builder_version=\u00bb4.17.4&#8243; _dynamic_attributes=\u00bbbutton_url\u00bb _module_preset=\u00bbdefault\u00bb custom_button=\u00bbon\u00bb button_border_radius=\u00bb0px\u00bb button_icon=\u00bb&#xf1c1;||fa||400&#8243; button_on_hover=\u00bboff\u00bb global_colors_info=\u00bb{}\u00bb button_text_color__hover_enabled=\u00bbon|hover\u00bb button_text_color__hover=\u00bb#FFFFFF\u00bb button_bg_color__hover_enabled=\u00bbon|hover\u00bb button_bg_color__hover=\u00bb#0a0a0a\u00bb button_bg_enable_color__hover=\u00bbon\u00bb][\/et_pb_button][\/et_pb_column][et_pb_column type=\u00bb1_3&#8243; _builder_version=\u00bb4.16&#8243; custom_padding=\u00bb|||\u00bb global_colors_info=\u00bb{}\u00bb custom_padding__hover=\u00bb|||\u00bb][et_pb_blurb title=\u00bbT\u00c1RRACO ROMANA\u00bb image=\u00bbhttps:\/\/visitaltafulla.cat\/wp-content\/uploads\/2022\/05\/Altafulla-ElsCaminsDAltafulla.webp\u00bb alt=\u00bbGuia Caminos Tarraco Romana\u00bb _builder_version=\u00bb4.17.4&#8243; header_font=\u00bbPoppins|700|||||||\u00bb header_font_size=\u00bb24px\u00bb body_font=\u00bbPoppins||||||||\u00bb body_text_color=\u00bb#000000&#8243; body_font_size=\u00bb18px\u00bb body_line_height=\u00bb1.9em\u00bb animation_style=\u00bbzoom\u00bb animation_intensity_zoom=\u00bb10%\u00bb locked=\u00bboff\u00bb global_colors_info=\u00bb{}\u00bb]<\/p>\n<p>Plano de los caminos de la T\u00e0rraco Romana. Villa Romana \u00abdels Munts\u00bb, caminos de Altafulla y sitios singulares.<\/p>\n<p>[\/et_pb_blurb][et_pb_button button_url=\u00bb@ET-DC@eyJkeW5hbWljIjp0cnVlLCJjb250ZW50IjoicG9zdF9saW5rX3VybF9hdHRhY2htZW50Iiwic2V0dGluZ3MiOnsicG9zdF9pZCI6IjI4NjMifX0=@\u00bb url_new_window=\u00bbon\u00bb button_text=\u00bbDescargar (27.7MB)\u00bb _builder_version=\u00bb4.17.4&#8243; _dynamic_attributes=\u00bbbutton_url\u00bb _module_preset=\u00bbdefault\u00bb custom_button=\u00bbon\u00bb button_border_radius=\u00bb0px\u00bb button_icon=\u00bb&#xf1c1;||fa||400&#8243; button_on_hover=\u00bboff\u00bb global_colors_info=\u00bb{}\u00bb button_text_color__hover=\u00bb#FFFFFF\u00bb button_text_color__hover_enabled=\u00bbon|hover\u00bb button_bg_color__hover=\u00bb#0a0a0a\u00bb button_bg_color__hover_enabled=\u00bbon|hover\u00bb][\/et_pb_button][\/et_pb_column][\/et_pb_row][et_pb_row _builder_version=\u00bb4.19.4&#8243; _module_preset=\u00bbdefault\u00bb column_structure=\u00bb1_3,1_3,1_3&#8243;][et_pb_column _builder_version=\u00bb4.19.4&#8243; _module_preset=\u00bbdefault\u00bb type=\u00bb1_3&#8243;][et_pb_blurb title=\u00bbALTAFULLA ESENCIA DE MEDITERR\u00c1NEO\u00bb image=\u00bbhttps:\/\/visitaltafulla.cat\/wp-content\/uploads\/2022\/05\/Altafulla-Planell-2022.webp\u00bb alt=\u00bbPlano Altafulla\u00bb _builder_version=\u00bb4.19.4&#8243; header_font=\u00bbPoppins|700|||||||\u00bb header_font_size=\u00bb24px\u00bb body_font=\u00bbPoppins||||||||\u00bb body_text_color=\u00bb#000000&#8243; body_font_size=\u00bb18px\u00bb body_line_height=\u00bb1.9em\u00bb animation_style=\u00bbzoom\u00bb animation_intensity_zoom=\u00bb10%\u00bb hover_enabled=\u00bb0&#8243; locked=\u00bboff\u00bb global_colors_info=\u00bb{}\u00bb sticky_enabled=\u00bb0&#8243;]Altafulla es felicidad, naturaleza y memoria.[\/et_pb_blurb][\/et_pb_column][et_pb_column _builder_version=\u00bb4.19.4&#8243; _module_preset=\u00bbdefault\u00bb type=\u00bb1_3&#8243;][\/et_pb_column][et_pb_column _builder_version=\u00bb4.19.4&#8243; _module_preset=\u00bbdefault\u00bb type=\u00bb1_3&#8243;][\/et_pb_column][\/et_pb_row][\/et_pb_section]<\/p>\n","protected":false},"excerpt":{"rendered":"<p>Guias tur\u00edsticas PLANIFICAInicio \/ Planifica \/ Guias tur\u00edsticasPlano de Altafulla con todos los puntos de inter\u00e9s, hoteles, c\u00e1mpings y turismo rural.Plano tur\u00edstico de Altafulla con los puntos de inter\u00e9s y [&hellip;]<\/p>\n","protected":false},"author":1,"featured_media":0,"parent":3493,"menu_order":0,"comment_status":"closed","ping_status":"closed","template":"","meta":{"_et_pb_use_builder":"on","_et_pb_old_content":"","_et_gb_content_width":"","footnotes":""},"class_list":["post-3531","page","type-page","status-publish","hentry"],"yoast_head":"<!-- This site is optimized with the Yoast SEO plugin v27.3 - https:\/\/yoast.com\/product\/yoast-seo-wordpress\/ -->\n<title>Guies Tur\u00edstiques Altafulla - Altafulla<\/title>\n<meta name=\"description\" content=\"Descarga las gu\u00edas tur\u00edsticas de Altafulla en formato PDF en su ordenador o m\u00f3vil\" \/>\n<meta name=\"robots\" content=\"index, follow, max-snippet:-1, max-image-preview:large, max-video-preview:-1\" \/>\n<link rel=\"canonical\" href=\"https:\/\/visitaltafulla.cat\/es\/planifica-tu-viaje-a-altafulla\/guies-turistiques-altafulla\/\" \/>\n<meta property=\"og:locale\" content=\"es_ES\" \/>\n<meta property=\"og:type\" content=\"article\" \/>\n<meta property=\"og:title\" content=\"Guies Tur\u00edstiques Altafulla - Altafulla\" \/>\n<meta property=\"og:description\" content=\"Descarga las gu\u00edas tur\u00edsticas de Altafulla en formato PDF en su ordenador o m\u00f3vil\" \/>\n<meta property=\"og:url\" content=\"https:\/\/visitaltafulla.cat\/es\/planifica-tu-viaje-a-altafulla\/guies-turistiques-altafulla\/\" \/>\n<meta property=\"og:site_name\" content=\"Altafulla\" \/>\n<meta property=\"article:modified_time\" content=\"2023-02-01T18:47:14+00:00\" \/>\n<meta name=\"twitter:card\" content=\"summary_large_image\" \/>\n<meta name=\"twitter:label1\" content=\"Tiempo de lectura\" \/>\n\t<meta name=\"twitter:data1\" content=\"2 minutos\" \/>\n<script type=\"application\/ld+json\" class=\"yoast-schema-graph\">{\"@context\":\"https:\\\/\\\/schema.org\",\"@graph\":[{\"@type\":\"WebPage\",\"@id\":\"https:\\\/\\\/visitaltafulla.cat\\\/es\\\/planifica-tu-viaje-a-altafulla\\\/guies-turistiques-altafulla\\\/\",\"url\":\"https:\\\/\\\/visitaltafulla.cat\\\/es\\\/planifica-tu-viaje-a-altafulla\\\/guies-turistiques-altafulla\\\/\",\"name\":\"Guies Tur\u00edstiques Altafulla - Altafulla\",\"isPartOf\":{\"@id\":\"https:\\\/\\\/visitaltafulla.cat\\\/es\\\/#website\"},\"datePublished\":\"2022-03-20T15:18:05+00:00\",\"dateModified\":\"2023-02-01T18:47:14+00:00\",\"description\":\"Descarga las gu\u00edas tur\u00edsticas de Altafulla en formato PDF en su ordenador o m\u00f3vil\",\"breadcrumb\":{\"@id\":\"https:\\\/\\\/visitaltafulla.cat\\\/es\\\/planifica-tu-viaje-a-altafulla\\\/guies-turistiques-altafulla\\\/#breadcrumb\"},\"inLanguage\":\"es\",\"potentialAction\":[{\"@type\":\"ReadAction\",\"target\":[\"https:\\\/\\\/visitaltafulla.cat\\\/es\\\/planifica-tu-viaje-a-altafulla\\\/guies-turistiques-altafulla\\\/\"]}]},{\"@type\":\"BreadcrumbList\",\"@id\":\"https:\\\/\\\/visitaltafulla.cat\\\/es\\\/planifica-tu-viaje-a-altafulla\\\/guies-turistiques-altafulla\\\/#breadcrumb\",\"itemListElement\":[{\"@type\":\"ListItem\",\"position\":1,\"name\":\"Inici\",\"item\":\"https:\\\/\\\/visitaltafulla.cat\\\/es\\\/\"},{\"@type\":\"ListItem\",\"position\":2,\"name\":\"Planifica tu viaje a Altafulla\",\"item\":\"https:\\\/\\\/visitaltafulla.cat\\\/es\\\/planifica-tu-viaje-a-altafulla\\\/\"},{\"@type\":\"ListItem\",\"position\":3,\"name\":\"Guies Tur\u00edstiques Altafulla\"}]},{\"@type\":\"WebSite\",\"@id\":\"https:\\\/\\\/visitaltafulla.cat\\\/es\\\/#website\",\"url\":\"https:\\\/\\\/visitaltafulla.cat\\\/es\\\/\",\"name\":\"Altafulla\",\"description\":\"On s&#039;inspira el talent\",\"potentialAction\":[{\"@type\":\"SearchAction\",\"target\":{\"@type\":\"EntryPoint\",\"urlTemplate\":\"https:\\\/\\\/visitaltafulla.cat\\\/es\\\/?s={search_term_string}\"},\"query-input\":{\"@type\":\"PropertyValueSpecification\",\"valueRequired\":true,\"valueName\":\"search_term_string\"}}],\"inLanguage\":\"es\"}]}<\/script>\n<!-- \/ Yoast SEO plugin. -->","yoast_head_json":{"title":"Guies Tur\u00edstiques Altafulla - Altafulla","description":"Descarga las gu\u00edas tur\u00edsticas de Altafulla en formato PDF en su ordenador o m\u00f3vil","robots":{"index":"index","follow":"follow","max-snippet":"max-snippet:-1","max-image-preview":"max-image-preview:large","max-video-preview":"max-video-preview:-1"},"canonical":"https:\/\/visitaltafulla.cat\/es\/planifica-tu-viaje-a-altafulla\/guies-turistiques-altafulla\/","og_locale":"es_ES","og_type":"article","og_title":"Guies Tur\u00edstiques Altafulla - Altafulla","og_description":"Descarga las gu\u00edas tur\u00edsticas de Altafulla en formato PDF en su ordenador o m\u00f3vil","og_url":"https:\/\/visitaltafulla.cat\/es\/planifica-tu-viaje-a-altafulla\/guies-turistiques-altafulla\/","og_site_name":"Altafulla","article_modified_time":"2023-02-01T18:47:14+00:00","twitter_card":"summary_large_image","twitter_misc":{"Tiempo de lectura":"2 minutos"},"schema":{"@context":"https:\/\/schema.org","@graph":[{"@type":"WebPage","@id":"https:\/\/visitaltafulla.cat\/es\/planifica-tu-viaje-a-altafulla\/guies-turistiques-altafulla\/","url":"https:\/\/visitaltafulla.cat\/es\/planifica-tu-viaje-a-altafulla\/guies-turistiques-altafulla\/","name":"Guies Tur\u00edstiques Altafulla - Altafulla","isPartOf":{"@id":"https:\/\/visitaltafulla.cat\/es\/#website"},"datePublished":"2022-03-20T15:18:05+00:00","dateModified":"2023-02-01T18:47:14+00:00","description":"Descarga las gu\u00edas tur\u00edsticas de Altafulla en formato PDF en su ordenador o m\u00f3vil","breadcrumb":{"@id":"https:\/\/visitaltafulla.cat\/es\/planifica-tu-viaje-a-altafulla\/guies-turistiques-altafulla\/#breadcrumb"},"inLanguage":"es","potentialAction":[{"@type":"ReadAction","target":["https:\/\/visitaltafulla.cat\/es\/planifica-tu-viaje-a-altafulla\/guies-turistiques-altafulla\/"]}]},{"@type":"BreadcrumbList","@id":"https:\/\/visitaltafulla.cat\/es\/planifica-tu-viaje-a-altafulla\/guies-turistiques-altafulla\/#breadcrumb","itemListElement":[{"@type":"ListItem","position":1,"name":"Inici","item":"https:\/\/visitaltafulla.cat\/es\/"},{"@type":"ListItem","position":2,"name":"Planifica tu viaje a Altafulla","item":"https:\/\/visitaltafulla.cat\/es\/planifica-tu-viaje-a-altafulla\/"},{"@type":"ListItem","position":3,"name":"Guies Tur\u00edstiques Altafulla"}]},{"@type":"WebSite","@id":"https:\/\/visitaltafulla.cat\/es\/#website","url":"https:\/\/visitaltafulla.cat\/es\/","name":"Altafulla","description":"On s&#039;inspira el talent","potentialAction":[{"@type":"SearchAction","target":{"@type":"EntryPoint","urlTemplate":"https:\/\/visitaltafulla.cat\/es\/?s={search_term_string}"},"query-input":{"@type":"PropertyValueSpecification","valueRequired":true,"valueName":"search_term_string"}}],"inLanguage":"es"}]}},"_links":{"self":[{"href":"https:\/\/visitaltafulla.cat\/es\/wp-json\/wp\/v2\/pages\/3531","targetHints":{"allow":["GET"]}}],"collection":[{"href":"https:\/\/visitaltafulla.cat\/es\/wp-json\/wp\/v2\/pages"}],"about":[{"href":"https:\/\/visitaltafulla.cat\/es\/wp-json\/wp\/v2\/types\/page"}],"author":[{"embeddable":true,"href":"https:\/\/visitaltafulla.cat\/es\/wp-json\/wp\/v2\/users\/1"}],"replies":[{"embeddable":true,"href":"https:\/\/visitaltafulla.cat\/es\/wp-json\/wp\/v2\/comments?post=3531"}],"version-history":[{"count":2,"href":"https:\/\/visitaltafulla.cat\/es\/wp-json\/wp\/v2\/pages\/3531\/revisions"}],"predecessor-version":[{"id":4760,"href":"https:\/\/visitaltafulla.cat\/es\/wp-json\/wp\/v2\/pages\/3531\/revisions\/4760"}],"up":[{"embeddable":true,"href":"https:\/\/visitaltafulla.cat\/es\/wp-json\/wp\/v2\/pages\/3493"}],"wp:attachment":[{"href":"https:\/\/visitaltafulla.cat\/es\/wp-json\/wp\/v2\/media?parent=3531"}],"curies":[{"name":"wp","href":"https:\/\/api.w.org\/{rel}","templated":true}]}}