{"id":3820,"date":"2022-03-22T11:50:35","date_gmt":"2022-03-22T10:50:35","guid":{"rendered":"https:\/\/cuponet.online\/contact\/"},"modified":"2025-04-28T11:08:25","modified_gmt":"2025-04-28T09:08:25","slug":"contact","status":"publish","type":"page","link":"https:\/\/visitaltafulla.cat\/fr\/contact\/","title":{"rendered":"Contact"},"content":{"rendered":"<p>[et_pb_section fb_built=\u00a0\u00bb1&Prime; custom_padding_last_edited=\u00a0\u00bbon|tablet\u00a0\u00bb admin_label=\u00a0\u00bbOur Guides\u00a0\u00bb _builder_version=\u00a0\u00bb4.17.4&Prime; custom_padding=\u00a0\u00bb35px||0px||false|false\u00a0\u00bb custom_padding_tablet=\u00a0\u00bb60px||60px|\u00a0\u00bb custom_padding_phone=\u00a0\u00bb\u00a0\u00bb locked=\u00a0\u00bboff\u00a0\u00bb global_colors_info=\u00a0\u00bb{}\u00a0\u00bb][et_pb_row custom_padding_last_edited=\u00a0\u00bbon|tablet\u00a0\u00bb admin_label=\u00a0\u00bbOur Guides Title\u00a0\u00bb _builder_version=\u00a0\u00bb4.17.4&Prime; background_size=\u00a0\u00bbinitial\u00a0\u00bb background_position=\u00a0\u00bbtop_left\u00a0\u00bb background_repeat=\u00a0\u00bbrepeat\u00a0\u00bb custom_margin=\u00a0\u00bb-1px|auto||auto|false|false\u00a0\u00bb custom_padding=\u00a0\u00bb20px|0px|10px|0px|false|false\u00a0\u00bb custom_padding_tablet=\u00a0\u00bb0px||0px|\u00a0\u00bb custom_padding_phone=\u00a0\u00bb\u00a0\u00bb global_colors_info=\u00a0\u00bb{}\u00a0\u00bb][et_pb_column type=\u00a0\u00bb4_4&Prime; _builder_version=\u00a0\u00bb4.16&Prime; custom_padding=\u00a0\u00bb|||\u00a0\u00bb global_colors_info=\u00a0\u00bb{}\u00a0\u00bb custom_padding__hover=\u00a0\u00bb|||\u00a0\u00bb][et_pb_text _builder_version=\u00a0\u00bb4.17.4&Prime; _module_preset=\u00a0\u00bbdefault\u00a0\u00bb text_font=\u00a0\u00bbPoppins||||||||\u00a0\u00bb header_5_font_size=\u00a0\u00bb30px\u00a0\u00bb header_5_letter_spacing=\u00a0\u00bb5px\u00a0\u00bb global_colors_info=\u00a0\u00bb{}\u00a0\u00bb]<\/p>\n<p><span style=\"color: #000000;\"><a href=\"https:\/\/visitaltafulla.cat\/fr\/\" style=\"color: #000000;\"><span style=\"text-decoration: underline;\">Accueil<\/span><\/a> \/ Contact<\/span><\/p>\n<p>[\/et_pb_text][\/et_pb_column][\/et_pb_row][et_pb_row custom_padding_last_edited=\u00a0\u00bbon|tablet\u00a0\u00bb admin_label=\u00a0\u00bbOur Guides Title\u00a0\u00bb _builder_version=\u00a0\u00bb4.16&Prime; background_size=\u00a0\u00bbinitial\u00a0\u00bb background_position=\u00a0\u00bbtop_left\u00a0\u00bb background_repeat=\u00a0\u00bbrepeat\u00a0\u00bb custom_padding=\u00a0\u00bb30px|0px|31px|0px||\u00a0\u00bb custom_padding_tablet=\u00a0\u00bb0px||0px|\u00a0\u00bb custom_padding_phone=\u00a0\u00bb\u00a0\u00bb global_colors_info=\u00a0\u00bb{}\u00a0\u00bb][et_pb_column type=\u00a0\u00bb4_4&Prime; _builder_version=\u00a0\u00bb4.16&Prime; custom_padding=\u00a0\u00bb|||\u00a0\u00bb global_colors_info=\u00a0\u00bb{}\u00a0\u00bb custom_padding__hover=\u00a0\u00bb|||\u00a0\u00bb][et_pb_text admin_label=\u00a0\u00bbTeam Title\u00a0\u00bb _builder_version=\u00a0\u00bb4.27.4&Prime; text_font=\u00a0\u00bb||||||||\u00a0\u00bb text_text_color=\u00a0\u00bb#1a1a1a\u00a0\u00bb text_font_size=\u00a0\u00bb18px\u00a0\u00bb text_line_height=\u00a0\u00bb1.4em\u00a0\u00bb header_font=\u00a0\u00bbPoppins|800|||||||\u00a0\u00bb header_text_align=\u00a0\u00bbcenter\u00a0\u00bb header_font_size=\u00a0\u00bb65px\u00a0\u00bb header_2_font=\u00a0\u00bb||||||||\u00a0\u00bb background_size=\u00a0\u00bbinitial\u00a0\u00bb background_position=\u00a0\u00bbtop_left\u00a0\u00bb background_repeat=\u00a0\u00bbrepeat\u00a0\u00bb module_alignment=\u00a0\u00bbcenter\u00a0\u00bb custom_margin=\u00a0\u00bb|||\u00a0\u00bb custom_padding=\u00a0\u00bb|||\u00a0\u00bb animation_style=\u00a0\u00bbslide\u00a0\u00bb animation_direction=\u00a0\u00bbtop\u00a0\u00bb animation_intensity_slide=\u00a0\u00bb10%\u00a0\u00bb hover_enabled=\u00a0\u00bb0&Prime; locked=\u00a0\u00bboff\u00a0\u00bb global_colors_info=\u00a0\u00bb{}\u00a0\u00bb sticky_enabled=\u00a0\u00bb0&Prime;]<\/p>\n<h1 style=\"text-align: left;\">Contact<\/h1>\n<p>Vous pouvez contacter l\u2019office du tourisme :<\/p>\n<p>P\u00e7a dels Vents, s\/n<br \/>43893 Altafulla (Tarragona)<br \/>Tel. 977 651 426<br \/><a style=\"text-decoration: underline;\">turisme@altafulla.cat<\/a><\/p>\n<h2>Horaire de Basse Saison<\/h2>\n<p>Du mardi au samedi<br \/>10:00 \u2013 14:00h<\/p>\n<h2>Horaire d\u2019\u00c9t\u00e9<\/h2>\n<p>Du mercredi au samedi<br \/>10:00h \u2013 14:00h<br \/>17:00h \u2013 20:00h<\/p>\n<p>Les dimanches et jours f\u00e9ri\u00e9s<br \/>10:00h \u2013 14:00h<\/p>\n<p>[\/et_pb_text][\/et_pb_column][\/et_pb_row][\/et_pb_section][et_pb_section fb_built=\u00a0\u00bb1&Prime; admin_label=\u00a0\u00bbCTA\u00a0\u00bb _builder_version=\u00a0\u00bb4.17.4&Prime; background_color=\u00a0\u00bb#f8d7ba\u00a0\u00bb background_enable_image=\u00a0\u00bboff\u00a0\u00bb custom_margin=\u00a0\u00bb|||\u00a0\u00bb custom_padding=\u00a0\u00bb0px||41px||false|false\u00a0\u00bb link_option_url_new_window=\u00a0\u00bbon\u00a0\u00bb saved_tabs=\u00a0\u00bball\u00a0\u00bb locked=\u00a0\u00bboff\u00a0\u00bb global_colors_info=\u00a0\u00bb{}\u00a0\u00bb][et_pb_row _builder_version=\u00a0\u00bb4.17.4&Prime; _module_preset=\u00a0\u00bbdefault\u00a0\u00bb custom_padding=\u00a0\u00bb60px||||false|false\u00a0\u00bb global_colors_info=\u00a0\u00bb{}\u00a0\u00bb][et_pb_column type=\u00a0\u00bb4_4&Prime; _builder_version=\u00a0\u00bb4.17.4&Prime; _module_preset=\u00a0\u00bbdefault\u00a0\u00bb global_colors_info=\u00a0\u00bb{}\u00a0\u00bb][et_pb_divider color=\u00a0\u00bb#000000&Prime; divider_weight=\u00a0\u00bb2px\u00a0\u00bb _builder_version=\u00a0\u00bb4.17.4&Prime; _module_preset=\u00a0\u00bbdefault\u00a0\u00bb custom_margin=\u00a0\u00bb||-10px||false|false\u00a0\u00bb global_colors_info=\u00a0\u00bb{}\u00a0\u00bb][\/et_pb_divider][et_pb_text _builder_version=\u00a0\u00bb4.17.4&Prime; _module_preset=\u00a0\u00bbdefault\u00a0\u00bb header_font=\u00a0\u00bbOswald|700|||||||\u00a0\u00bb header_2_font=\u00a0\u00bbOswald|700|||||||\u00a0\u00bb header_2_text_align=\u00a0\u00bbcenter\u00a0\u00bb header_2_font_size=\u00a0\u00bb45px\u00a0\u00bb header_3_font=\u00a0\u00bb|||on|||||\u00a0\u00bb header_3_font_size=\u00a0\u00bb25px\u00a0\u00bb custom_margin=\u00a0\u00bb||50px|||\u00a0\u00bb global_colors_info=\u00a0\u00bb{}\u00a0\u00bb]<\/p>\n<h3>Notre bulletin<\/h3>\n<p>[\/et_pb_text][et_pb_text _builder_version=\u00a0\u00bb4.17.4&Prime; _module_preset=\u00a0\u00bbdefault\u00a0\u00bb header_2_font=\u00a0\u00bb|800|||||||\u00a0\u00bb header_2_font_size=\u00a0\u00bb65px\u00a0\u00bb custom_margin=\u00a0\u00bb||45px|||\u00a0\u00bb global_colors_info=\u00a0\u00bb{}\u00a0\u00bb]<\/p>\n<h2 style=\"text-align: center;\">Nous vous informons<\/h2>\n<p>[\/et_pb_text][et_pb_code _builder_version=\u00a0\u00bb4.17.4&Prime; _module_preset=\u00a0\u00bbdefault\u00a0\u00bb animation_style=\u00a0\u00bbfold\u00a0\u00bb animation_direction=\u00a0\u00bbright\u00a0\u00bb animation_intensity_fold=\u00a0\u00bb20%\u00a0\u00bb global_colors_info=\u00a0\u00bb{}\u00a0\u00bb]<!-- Begin Mailchimp Signup Form --><!-- [et_pb_line_break_holder] --><link href=\"\/\/cdn-images.mailchimp.com\/embedcode\/classic-10_7_dtp.css\" rel=\"stylesheet\" type=\"text\/css\"><!-- [et_pb_line_break_holder] --><\/p>\n<style type=\"text\/css\"><!-- [et_pb_line_break_holder] -->\t#mc_embed_signup{background:#f8d7ba; clear:left; font:16px 'Poppins',Helvetica,Arial,Lucida,sans-serif;  width:100%;}<!-- [et_pb_line_break_holder] -->  input::placeholder {color: black; font-weight: 500; font-size: 18px;}<!-- [et_pb_line_break_holder] -->  #mc_embed_signup form {padding: 0px;}<!-- [et_pb_line_break_holder] -->  #mc_embed_signup .mc-field-group {width: 100%;}<!-- [et_pb_line_break_holder] -->  #mc_embed_signup .foot { grid-template-columns: none;}<!-- [et_pb_line_break_holder] -->  .optionalParent { float: right;}<!-- [et_pb_line_break_holder] -->  #mc-embedded-subscribe:hover {background-color: #fff !important; color: #000; }<!-- [et_pb_line_break_holder] --><!-- [et_pb_line_break_holder] -->\t\/*  .required:focus { color: #ca3a3a; background-color: black;}<!-- [et_pb_line_break_holder] --> Add your own Mailchimp form style overrides in your site stylesheet or in this style block.<!-- [et_pb_line_break_holder] -->\t   We recommend moving this block and the preceding CSS link to the HEAD of your HTML file. *\/<!-- [et_pb_line_break_holder] --><\/style>\n<p><!-- [et_pb_line_break_holder] --><\/p>\n<div id=\"mc_embed_signup\"><!-- [et_pb_line_break_holder] --><\/p>\n<form action=\"https:\/\/visitaltafulla.us14.list-manage.com\/subscribe\/post?u=c41215749893671dfa07f40cd&#038;id=2b6a24c65d\" method=\"post\" id=\"mc-embedded-subscribe-form\" name=\"mc-embedded-subscribe-form\" class=\"validate\" target=\"_blank\" novalidate=\"\"><!-- [et_pb_line_break_holder] -->    <\/p>\n<div id=\"mc_embed_signup_scroll\"><!-- [et_pb_line_break_holder] -->\t<!--\n\n<h2>Subscriu-te<\/h2>\n\n--><!-- [et_pb_line_break_holder] --><!--\n\n<div class=\"indicates-required\"><span class=\"asterisk\">*<\/span> indicates required<\/div>\n\n--><!-- [et_pb_line_break_holder] --><\/p>\n<div class=\"mc-field-group\"><!-- [et_pb_line_break_holder] -->\t<!--<label for=\"mce-EMAIL\">Email Address  <span class=\"asterisk\">*<\/span>--><!-- [et_pb_line_break_holder] --><\/label><!-- [et_pb_line_break_holder] -->\t<input type=\"email\" value=\"\" name=\"EMAIL\" class=\"required email \" id=\"mce-EMAIL\" placeholder=\"Adresse e-mail\" style=\"border: 2px solid black; border-radius: 0px; color: black; height: 60px; width: full; font-weight: 500; font-size: 18px; background: #f8d7ba;\"><!-- [et_pb_line_break_holder] --><\/div>\n<p><!-- [et_pb_line_break_holder] --><\/p>\n<div class=\"mc-field-group\"><!-- [et_pb_line_break_holder] -->\t<!--<label for=\"mce-FNAME\">First Name <\/label>--><!-- [et_pb_line_break_holder] -->\t<input type=\"text\" value=\"\" name=\"FNAME\" id=\"mce-FNAME\" class=\"\" placeholder=\"Pr\u00e9nom et nom\" style=\"border: 2px solid black; border-radius: 0px; color: black; height: 60px; width: full; font-weight: 500; font-size: 18px; background: #f8d7ba;\"><!-- [et_pb_line_break_holder] --><\/div>\n<p><!-- [et_pb_line_break_holder] -->\t<\/p>\n<div id=\"mce-responses\" class=\"clear foot\"><!-- [et_pb_line_break_holder] -->\t\t<\/p>\n<div class=\"response\" id=\"mce-error-response\" style=\"display:none\"><\/div>\n<p><!-- [et_pb_line_break_holder] -->\t\t<\/p>\n<div class=\"response\" id=\"mce-success-response\" style=\"display:none\"><\/div>\n<p><!-- [et_pb_line_break_holder] -->\t<\/div>\n<p>    <!-- real people should not fill this in and expect good things - do not remove this or risk form bot signups--><!-- [et_pb_line_break_holder] -->    <\/p>\n<div style=\"position: absolute; left: -5000px;\" aria-hidden=\"true\"><!-- [et_pb_line_break_holder] -->      <input type=\"text\" name=\"b_c41215749893671dfa07f40cd_2b6a24c65d\" tabindex=\"-1\" value=\"\"><\/div>\n<p><!-- [et_pb_line_break_holder] -->        <\/p>\n<div class=\"optionalParent\"><!-- [et_pb_line_break_holder] -->            <\/p>\n<div class=\"clear foot\"><!-- [et_pb_line_break_holder] -->                <input type=\"submit\" value=\"Recevoir plus d'informations\" name=\"subscribe\" id=\"mc-embedded-subscribe\" class=\"button\" style=\"border: 2px solid black; border-radius: 0px; color: fff; background-color: #000; font-size: 20px; padding: 8px 20px; height: 50px; width: 100%;\"><!-- [et_pb_line_break_holder] -->                <!--<pee class=\"brandingLogo\"><a href=\"http:\/\/eepurl.com\/h3cENL\" title=\"Mailchimp - email marketing made easy and fun\"><img decoding=\"async\" src=\"https:\/\/eep.io\/mc-cdn-images\/template_images\/branding_logo_text_dark_dtp.svg\"><\/a><\/pee>--><!-- [et_pb_line_break_holder] -->            <\/div>\n<p><!-- [et_pb_line_break_holder] -->        <\/div>\n<p><!-- [et_pb_line_break_holder] -->    <\/div>\n<p><!-- [et_pb_line_break_holder] --><\/form>\n<p><!-- [et_pb_line_break_holder] --><\/div>\n<p><!-- [et_pb_line_break_holder] --><script type=\"text\/javascript\" src=\"\/\/s3.amazonaws.com\/downloads.mailchimp.com\/js\/mc-validate.js\"><\/script><script type=\"text\/javascript\">(function($) {window.fnames = new Array(); window.ftypes = new Array();fnames[0]='EMAIL';ftypes[0]='email';fnames[1]='FNAME';ftypes[1]='text';fnames[2]='LNAME';ftypes[2]='text';fnames[3]='ADDRESS';ftypes[3]='address';fnames[4]='PHONE';ftypes[4]='phone';fnames[5]='BIRTHDAY';ftypes[5]='birthday';}(jQuery));var $mcj = jQuery.noConflict(true);<\/script><!-- [et_pb_line_break_holder] --><!--End mc_embed_signup--><!-- [et_pb_line_break_holder] -->[\/et_pb_code][\/et_pb_column][\/et_pb_row][\/et_pb_section]<\/p>\n","protected":false},"excerpt":{"rendered":"<p>Accueil \/ ContactContact Vous pouvez contacter l\u2019office du tourisme : P\u00e7a dels Vents, s\/n43893 Altafulla (Tarragona)Tel. 977 651 426turisme@altafulla.cat Horaire de Basse Saison Du mardi au samedi10:00 \u2013 14:00h Horaire [&hellip;]<\/p>\n","protected":false},"author":1,"featured_media":0,"parent":0,"menu_order":0,"comment_status":"closed","ping_status":"closed","template":"","meta":{"_et_pb_use_builder":"on","_et_pb_old_content":"","_et_gb_content_width":"","footnotes":""},"class_list":["post-3820","page","type-page","status-publish","hentry"],"yoast_head":"<!-- This site is optimized with the Yoast SEO plugin v27.3 - https:\/\/yoast.com\/product\/yoast-seo-wordpress\/ -->\n<title>Office du tourisme Altafulla<\/title>\n<meta name=\"description\" content=\"Office du tourisme Altafulla. Nous sommes \u00e0 P\u00e7a dels Vents. Envoyez-nous un email ou appelez-nous par t\u00e9l\u00e9phone 977 651 426\" \/>\n<meta name=\"robots\" content=\"index, follow, max-snippet:-1, max-image-preview:large, max-video-preview:-1\" \/>\n<link rel=\"canonical\" href=\"https:\/\/visitaltafulla.cat\/fr\/contact\/\" \/>\n<meta property=\"og:locale\" content=\"fr_FR\" \/>\n<meta property=\"og:type\" content=\"article\" \/>\n<meta property=\"og:title\" content=\"Office du tourisme Altafulla\" \/>\n<meta property=\"og:description\" content=\"Office du tourisme Altafulla. Nous sommes \u00e0 P\u00e7a dels Vents. Envoyez-nous un email ou appelez-nous par t\u00e9l\u00e9phone 977 651 426\" \/>\n<meta property=\"og:url\" content=\"https:\/\/visitaltafulla.cat\/fr\/contact\/\" \/>\n<meta property=\"og:site_name\" content=\"Altafulla\" \/>\n<meta property=\"article:modified_time\" content=\"2025-04-28T09:08:25+00:00\" \/>\n<meta property=\"og:image\" content=\"https:\/\/eep.io\/mc-cdn-images\/template_images\/branding_logo_text_dark_dtp.svg\" \/>\n<meta name=\"twitter:card\" content=\"summary_large_image\" \/>\n<meta name=\"twitter:label1\" content=\"Dur\u00e9e de lecture estim\u00e9e\" \/>\n\t<meta name=\"twitter:data1\" content=\"1 minute\" \/>\n<script type=\"application\/ld+json\" class=\"yoast-schema-graph\">{\"@context\":\"https:\\\/\\\/schema.org\",\"@graph\":[{\"@type\":\"WebPage\",\"@id\":\"https:\\\/\\\/visitaltafulla.cat\\\/fr\\\/contact\\\/\",\"url\":\"https:\\\/\\\/visitaltafulla.cat\\\/fr\\\/contact\\\/\",\"name\":\"Office du tourisme Altafulla\",\"isPartOf\":{\"@id\":\"https:\\\/\\\/visitaltafulla.cat\\\/fr\\\/#website\"},\"primaryImageOfPage\":{\"@id\":\"https:\\\/\\\/visitaltafulla.cat\\\/fr\\\/contact\\\/#primaryimage\"},\"image\":{\"@id\":\"https:\\\/\\\/visitaltafulla.cat\\\/fr\\\/contact\\\/#primaryimage\"},\"thumbnailUrl\":\"https:\\\/\\\/eep.io\\\/mc-cdn-images\\\/template_images\\\/branding_logo_text_dark_dtp.svg\",\"datePublished\":\"2022-03-22T10:50:35+00:00\",\"dateModified\":\"2025-04-28T09:08:25+00:00\",\"description\":\"Office du tourisme Altafulla. Nous sommes \u00e0 P\u00e7a dels Vents. Envoyez-nous un email ou appelez-nous par t\u00e9l\u00e9phone 977 651 426\",\"breadcrumb\":{\"@id\":\"https:\\\/\\\/visitaltafulla.cat\\\/fr\\\/contact\\\/#breadcrumb\"},\"inLanguage\":\"fr-FR\",\"potentialAction\":[{\"@type\":\"ReadAction\",\"target\":[\"https:\\\/\\\/visitaltafulla.cat\\\/fr\\\/contact\\\/\"]}]},{\"@type\":\"ImageObject\",\"inLanguage\":\"fr-FR\",\"@id\":\"https:\\\/\\\/visitaltafulla.cat\\\/fr\\\/contact\\\/#primaryimage\",\"url\":\"https:\\\/\\\/eep.io\\\/mc-cdn-images\\\/template_images\\\/branding_logo_text_dark_dtp.svg\",\"contentUrl\":\"https:\\\/\\\/eep.io\\\/mc-cdn-images\\\/template_images\\\/branding_logo_text_dark_dtp.svg\"},{\"@type\":\"BreadcrumbList\",\"@id\":\"https:\\\/\\\/visitaltafulla.cat\\\/fr\\\/contact\\\/#breadcrumb\",\"itemListElement\":[{\"@type\":\"ListItem\",\"position\":1,\"name\":\"Inici\",\"item\":\"https:\\\/\\\/visitaltafulla.cat\\\/fr\\\/\"},{\"@type\":\"ListItem\",\"position\":2,\"name\":\"Contact\"}]},{\"@type\":\"WebSite\",\"@id\":\"https:\\\/\\\/visitaltafulla.cat\\\/fr\\\/#website\",\"url\":\"https:\\\/\\\/visitaltafulla.cat\\\/fr\\\/\",\"name\":\"Altafulla\",\"description\":\"On s&#039;inspira el talent\",\"potentialAction\":[{\"@type\":\"SearchAction\",\"target\":{\"@type\":\"EntryPoint\",\"urlTemplate\":\"https:\\\/\\\/visitaltafulla.cat\\\/fr\\\/?s={search_term_string}\"},\"query-input\":{\"@type\":\"PropertyValueSpecification\",\"valueRequired\":true,\"valueName\":\"search_term_string\"}}],\"inLanguage\":\"fr-FR\"}]}<\/script>\n<!-- \/ Yoast SEO plugin. -->","yoast_head_json":{"title":"Office du tourisme Altafulla","description":"Office du tourisme Altafulla. Nous sommes \u00e0 P\u00e7a dels Vents. Envoyez-nous un email ou appelez-nous par t\u00e9l\u00e9phone 977 651 426","robots":{"index":"index","follow":"follow","max-snippet":"max-snippet:-1","max-image-preview":"max-image-preview:large","max-video-preview":"max-video-preview:-1"},"canonical":"https:\/\/visitaltafulla.cat\/fr\/contact\/","og_locale":"fr_FR","og_type":"article","og_title":"Office du tourisme Altafulla","og_description":"Office du tourisme Altafulla. Nous sommes \u00e0 P\u00e7a dels Vents. Envoyez-nous un email ou appelez-nous par t\u00e9l\u00e9phone 977 651 426","og_url":"https:\/\/visitaltafulla.cat\/fr\/contact\/","og_site_name":"Altafulla","article_modified_time":"2025-04-28T09:08:25+00:00","og_image":[{"url":"https:\/\/eep.io\/mc-cdn-images\/template_images\/branding_logo_text_dark_dtp.svg","type":"","width":"","height":""}],"twitter_card":"summary_large_image","twitter_misc":{"Dur\u00e9e de lecture estim\u00e9e":"1 minute"},"schema":{"@context":"https:\/\/schema.org","@graph":[{"@type":"WebPage","@id":"https:\/\/visitaltafulla.cat\/fr\/contact\/","url":"https:\/\/visitaltafulla.cat\/fr\/contact\/","name":"Office du tourisme Altafulla","isPartOf":{"@id":"https:\/\/visitaltafulla.cat\/fr\/#website"},"primaryImageOfPage":{"@id":"https:\/\/visitaltafulla.cat\/fr\/contact\/#primaryimage"},"image":{"@id":"https:\/\/visitaltafulla.cat\/fr\/contact\/#primaryimage"},"thumbnailUrl":"https:\/\/eep.io\/mc-cdn-images\/template_images\/branding_logo_text_dark_dtp.svg","datePublished":"2022-03-22T10:50:35+00:00","dateModified":"2025-04-28T09:08:25+00:00","description":"Office du tourisme Altafulla. Nous sommes \u00e0 P\u00e7a dels Vents. Envoyez-nous un email ou appelez-nous par t\u00e9l\u00e9phone 977 651 426","breadcrumb":{"@id":"https:\/\/visitaltafulla.cat\/fr\/contact\/#breadcrumb"},"inLanguage":"fr-FR","potentialAction":[{"@type":"ReadAction","target":["https:\/\/visitaltafulla.cat\/fr\/contact\/"]}]},{"@type":"ImageObject","inLanguage":"fr-FR","@id":"https:\/\/visitaltafulla.cat\/fr\/contact\/#primaryimage","url":"https:\/\/eep.io\/mc-cdn-images\/template_images\/branding_logo_text_dark_dtp.svg","contentUrl":"https:\/\/eep.io\/mc-cdn-images\/template_images\/branding_logo_text_dark_dtp.svg"},{"@type":"BreadcrumbList","@id":"https:\/\/visitaltafulla.cat\/fr\/contact\/#breadcrumb","itemListElement":[{"@type":"ListItem","position":1,"name":"Inici","item":"https:\/\/visitaltafulla.cat\/fr\/"},{"@type":"ListItem","position":2,"name":"Contact"}]},{"@type":"WebSite","@id":"https:\/\/visitaltafulla.cat\/fr\/#website","url":"https:\/\/visitaltafulla.cat\/fr\/","name":"Altafulla","description":"On s&#039;inspira el talent","potentialAction":[{"@type":"SearchAction","target":{"@type":"EntryPoint","urlTemplate":"https:\/\/visitaltafulla.cat\/fr\/?s={search_term_string}"},"query-input":{"@type":"PropertyValueSpecification","valueRequired":true,"valueName":"search_term_string"}}],"inLanguage":"fr-FR"}]}},"_links":{"self":[{"href":"https:\/\/visitaltafulla.cat\/fr\/wp-json\/wp\/v2\/pages\/3820","targetHints":{"allow":["GET"]}}],"collection":[{"href":"https:\/\/visitaltafulla.cat\/fr\/wp-json\/wp\/v2\/pages"}],"about":[{"href":"https:\/\/visitaltafulla.cat\/fr\/wp-json\/wp\/v2\/types\/page"}],"author":[{"embeddable":true,"href":"https:\/\/visitaltafulla.cat\/fr\/wp-json\/wp\/v2\/users\/1"}],"replies":[{"embeddable":true,"href":"https:\/\/visitaltafulla.cat\/fr\/wp-json\/wp\/v2\/comments?post=3820"}],"version-history":[{"count":3,"href":"https:\/\/visitaltafulla.cat\/fr\/wp-json\/wp\/v2\/pages\/3820\/revisions"}],"predecessor-version":[{"id":8426,"href":"https:\/\/visitaltafulla.cat\/fr\/wp-json\/wp\/v2\/pages\/3820\/revisions\/8426"}],"wp:attachment":[{"href":"https:\/\/visitaltafulla.cat\/fr\/wp-json\/wp\/v2\/media?parent=3820"}],"curies":[{"name":"wp","href":"https:\/\/api.w.org\/{rel}","templated":true}]}}