{"id":3829,"date":"2022-03-20T16:18:05","date_gmt":"2022-03-20T15:18:05","guid":{"rendered":"https:\/\/cuponet.online\/planifiez-votre-voyage-a-altafulla\/guides-touristiques-altafulla\/"},"modified":"2023-02-01T19:58:37","modified_gmt":"2023-02-01T18:58:37","slug":"guides-touristiques-altafulla","status":"publish","type":"page","link":"https:\/\/visitaltafulla.cat\/fr\/planifiez-votre-voyage-a-altafulla\/guides-touristiques-altafulla\/","title":{"rendered":"Guides Touristiques Altafulla"},"content":{"rendered":"<p>[et_pb_section fb_built=\u00a0\u00bb1&Prime; custom_padding_last_edited=\u00a0\u00bbon|tablet\u00a0\u00bb admin_label=\u00a0\u00bbOur Guides\u00a0\u00bb _builder_version=\u00a0\u00bb4.17.4&Prime; custom_padding=\u00a0\u00bb35px||0px||false|false\u00a0\u00bb custom_padding_tablet=\u00a0\u00bb60px||60px|\u00a0\u00bb custom_padding_phone=\u00a0\u00bb\u00a0\u00bb locked=\u00a0\u00bboff\u00a0\u00bb global_colors_info=\u00a0\u00bb{}\u00a0\u00bb][et_pb_row custom_padding_last_edited=\u00a0\u00bbon|tablet\u00a0\u00bb admin_label=\u00a0\u00bbOur Guides Title\u00a0\u00bb _builder_version=\u00a0\u00bb4.16&Prime; background_size=\u00a0\u00bbinitial\u00a0\u00bb background_position=\u00a0\u00bbtop_left\u00a0\u00bb background_repeat=\u00a0\u00bbrepeat\u00a0\u00bb custom_padding=\u00a0\u00bb30px|0px|31px|0px||\u00a0\u00bb custom_padding_tablet=\u00a0\u00bb0px||0px|\u00a0\u00bb custom_padding_phone=\u00a0\u00bb\u00a0\u00bb global_colors_info=\u00a0\u00bb{}\u00a0\u00bb][et_pb_column type=\u00a0\u00bb4_4&Prime; _builder_version=\u00a0\u00bb4.16&Prime; custom_padding=\u00a0\u00bb|||\u00a0\u00bb global_colors_info=\u00a0\u00bb{}\u00a0\u00bb custom_padding__hover=\u00a0\u00bb|||\u00a0\u00bb][et_pb_text admin_label=\u00a0\u00bbTeam Title\u00a0\u00bb _builder_version=\u00a0\u00bb4.17.4&Prime; text_font=\u00a0\u00bb|600|||||||\u00a0\u00bb text_text_color=\u00a0\u00bb#1a1a1a\u00a0\u00bb text_font_size=\u00a0\u00bb30px\u00a0\u00bb text_line_height=\u00a0\u00bb1em\u00a0\u00bb header_font=\u00a0\u00bbPoppins|800|||||||\u00a0\u00bb header_text_align=\u00a0\u00bbcenter\u00a0\u00bb header_font_size=\u00a0\u00bb65px\u00a0\u00bb header_2_font=\u00a0\u00bb||||||||\u00a0\u00bb background_size=\u00a0\u00bbinitial\u00a0\u00bb background_position=\u00a0\u00bbtop_left\u00a0\u00bb background_repeat=\u00a0\u00bbrepeat\u00a0\u00bb module_alignment=\u00a0\u00bbcenter\u00a0\u00bb custom_margin=\u00a0\u00bb|||\u00a0\u00bb custom_padding=\u00a0\u00bb|||\u00a0\u00bb animation_style=\u00a0\u00bbslide\u00a0\u00bb animation_direction=\u00a0\u00bbtop\u00a0\u00bb animation_intensity_slide=\u00a0\u00bb10%\u00a0\u00bb locked=\u00a0\u00bboff\u00a0\u00bb global_colors_info=\u00a0\u00bb{}\u00a0\u00bb]<\/p>\n<h1 style=\"text-align: left;\">Guides touristiques<\/h1>\n<p>PLANIFIEZ<\/p>\n<p>[\/et_pb_text][\/et_pb_column][\/et_pb_row][et_pb_row custom_padding_last_edited=\u00a0\u00bbon|tablet\u00a0\u00bb admin_label=\u00a0\u00bbOur Guides Title\u00a0\u00bb _builder_version=\u00a0\u00bb4.17.4&Prime; background_size=\u00a0\u00bbinitial\u00a0\u00bb background_position=\u00a0\u00bbtop_left\u00a0\u00bb background_repeat=\u00a0\u00bbrepeat\u00a0\u00bb custom_margin=\u00a0\u00bb20px|auto||auto|false|false\u00a0\u00bb custom_padding=\u00a0\u00bb20px|0px|10px|0px|false|false\u00a0\u00bb custom_padding_tablet=\u00a0\u00bb0px||0px|\u00a0\u00bb custom_padding_phone=\u00a0\u00bb\u00a0\u00bb global_colors_info=\u00a0\u00bb{}\u00a0\u00bb][et_pb_column type=\u00a0\u00bb4_4&Prime; _builder_version=\u00a0\u00bb4.16&Prime; custom_padding=\u00a0\u00bb|||\u00a0\u00bb global_colors_info=\u00a0\u00bb{}\u00a0\u00bb custom_padding__hover=\u00a0\u00bb|||\u00a0\u00bb][et_pb_text _builder_version=\u00a0\u00bb4.17.4&Prime; _module_preset=\u00a0\u00bbdefault\u00a0\u00bb text_font=\u00a0\u00bbPoppins||||||||\u00a0\u00bb header_5_font_size=\u00a0\u00bb30px\u00a0\u00bb header_5_letter_spacing=\u00a0\u00bb5px\u00a0\u00bb global_colors_info=\u00a0\u00bb{}\u00a0\u00bb]<\/p>\n<p><span style=\"color: #000000;\"><a href=\"https:\/\/visitaltafulla.cat\/fr\/\" style=\"color: #000000;\"><span style=\"text-decoration: underline;\">Accueil<\/span><\/a> \/ <a href=\"https:\/\/visitaltafulla.cat\/fr\/planifiez-votre-voyage-a-altafulla\/\" style=\"color: #000000;\"><span style=\"text-decoration: underline;\">Planifiez<\/span><\/a> \/ Guides touristiques<\/span><\/p>\n<p>[\/et_pb_text][\/et_pb_column][\/et_pb_row][\/et_pb_section][et_pb_section fb_built=\u00a0\u00bb1&Prime; custom_padding_last_edited=\u00a0\u00bbon|tablet\u00a0\u00bb admin_label=\u00a0\u00bbOur Guides\u00a0\u00bb _builder_version=\u00a0\u00bb4.16&Prime; custom_padding=\u00a0\u00bb0px||30px||false|false\u00a0\u00bb custom_padding_tablet=\u00a0\u00bb60px||60px|\u00a0\u00bb custom_padding_phone=\u00a0\u00bb\u00a0\u00bb global_colors_info=\u00a0\u00bb{}\u00a0\u00bb][et_pb_row column_structure=\u00a0\u00bb1_3,1_3,1_3&Prime; admin_label=\u00a0\u00bbGuides Grid\u00a0\u00bb _builder_version=\u00a0\u00bb4.16&Prime; custom_padding=\u00a0\u00bb45px|0px|40px|0px||\u00a0\u00bb global_colors_info=\u00a0\u00bb{}\u00a0\u00bb][et_pb_column type=\u00a0\u00bb1_3&Prime; _builder_version=\u00a0\u00bb4.16&Prime; custom_padding=\u00a0\u00bb|||\u00a0\u00bb global_colors_info=\u00a0\u00bb{}\u00a0\u00bb custom_padding__hover=\u00a0\u00bb|||\u00a0\u00bb][et_pb_blurb title=\u00a0\u00bbPLAN ALTAFULLA\u00a0\u00bb image=\u00a0\u00bbhttps:\/\/visitaltafulla.cat\/wp-content\/uploads\/2022\/05\/Altafulla-Planell-2022.webp\u00a0\u00bb alt=\u00a0\u00bbPlan d&rsquo;Altafulla\u00a0\u00bb _builder_version=\u00a0\u00bb4.17.4&Prime; header_font=\u00a0\u00bbPoppins|700|||||||\u00a0\u00bb header_font_size=\u00a0\u00bb24px\u00a0\u00bb body_font=\u00a0\u00bbPoppins||||||||\u00a0\u00bb body_text_color=\u00a0\u00bb#000000&Prime; body_font_size=\u00a0\u00bb18px\u00a0\u00bb body_line_height=\u00a0\u00bb1.9em\u00a0\u00bb animation_style=\u00a0\u00bbzoom\u00a0\u00bb animation_intensity_zoom=\u00a0\u00bb10%\u00a0\u00bb locked=\u00a0\u00bboff\u00a0\u00bb global_colors_info=\u00a0\u00bb{}\u00a0\u00bb]Plan d&rsquo;Altafulla avec tous les lieux d&rsquo;int\u00e9r\u00eat, h\u00f4tels, campings et g\u00eetes.[\/et_pb_blurb][et_pb_button button_url=\u00a0\u00bb@ET-DC@eyJkeW5hbWljIjp0cnVlLCJjb250ZW50IjoicG9zdF9saW5rX3VybF9hdHRhY2htZW50Iiwic2V0dGluZ3MiOnsicG9zdF9pZCI6IjI4NzEifX0=@\u00a0\u00bb url_new_window=\u00a0\u00bbon\u00a0\u00bb button_text=\u00a0\u00bbT\u00e9l\u00e9charger (7,4 MB)\u00a0\u00bb _builder_version=\u00a0\u00bb4.17.4&Prime; _dynamic_attributes=\u00a0\u00bbbutton_url\u00a0\u00bb _module_preset=\u00a0\u00bbdefault\u00a0\u00bb custom_button=\u00a0\u00bbon\u00a0\u00bb button_border_radius=\u00a0\u00bb0px\u00a0\u00bb button_icon=\u00a0\u00bb&#xf1c1;||fa||400&Prime; button_on_hover=\u00a0\u00bboff\u00a0\u00bb global_colors_info=\u00a0\u00bb{}\u00a0\u00bb button_text_color__hover=\u00a0\u00bb#FFFFFF\u00a0\u00bb button_text_color__hover_enabled=\u00a0\u00bbon|hover\u00a0\u00bb button_bg_color__hover=\u00a0\u00bb#0a0a0a\u00a0\u00bb button_bg_color__hover_enabled=\u00a0\u00bbon|hover\u00a0\u00bb][\/et_pb_button][\/et_pb_column][et_pb_column type=\u00a0\u00bb1_3&Prime; _builder_version=\u00a0\u00bb4.16&Prime; custom_padding=\u00a0\u00bb|||\u00a0\u00bb global_colors_info=\u00a0\u00bb{}\u00a0\u00bb custom_padding__hover=\u00a0\u00bb|||\u00a0\u00bb][et_pb_blurb title=\u00a0\u00bbPLAN TOURISTIQUE\u00a0\u00bb image=\u00a0\u00bbhttps:\/\/visitaltafulla.cat\/wp-content\/uploads\/2022\/05\/Altafulla-ElsCaminsDAltafulla-Portada.webp\u00a0\u00bb alt=\u00a0\u00bbChemins Altafulla\u00a0\u00bb _builder_version=\u00a0\u00bb4.17.4&Prime; header_font=\u00a0\u00bbPoppins|700|||||||\u00a0\u00bb header_font_size=\u00a0\u00bb24px\u00a0\u00bb body_font=\u00a0\u00bbPoppins||||||||\u00a0\u00bb body_text_color=\u00a0\u00bb#000000&Prime; body_font_size=\u00a0\u00bb18px\u00a0\u00bb body_line_height=\u00a0\u00bb1.9em\u00a0\u00bb animation_style=\u00a0\u00bbzoom\u00a0\u00bb animation_intensity_zoom=\u00a0\u00bb10%\u00a0\u00bb locked=\u00a0\u00bboff\u00a0\u00bb global_colors_info=\u00a0\u00bb{}\u00a0\u00bb]Plan touristique d&rsquo;Altafulla avec ses lieux d&rsquo;int\u00e9r\u00eat et un index toponymique.[\/et_pb_blurb][et_pb_button button_url=\u00a0\u00bb@ET-DC@eyJkeW5hbWljIjp0cnVlLCJjb250ZW50IjoicG9zdF9saW5rX3VybF9hdHRhY2htZW50Iiwic2V0dGluZ3MiOnsicG9zdF9pZCI6IjI4NjcifX0=@\u00a0\u00bb url_new_window=\u00a0\u00bbon\u00a0\u00bb button_text=\u00a0\u00bbT\u00e9l\u00e9charger (10,4 MB)\u00a0\u00bb _builder_version=\u00a0\u00bb4.17.4&Prime; _dynamic_attributes=\u00a0\u00bbbutton_url\u00a0\u00bb _module_preset=\u00a0\u00bbdefault\u00a0\u00bb custom_button=\u00a0\u00bbon\u00a0\u00bb button_border_radius=\u00a0\u00bb0px\u00a0\u00bb button_icon=\u00a0\u00bb&#xf1c1;||fa||400&Prime; button_on_hover=\u00a0\u00bboff\u00a0\u00bb global_colors_info=\u00a0\u00bb{}\u00a0\u00bb button_text_color__hover_enabled=\u00a0\u00bbon|hover\u00a0\u00bb button_text_color__hover=\u00a0\u00bb#FFFFFF\u00a0\u00bb button_bg_color__hover_enabled=\u00a0\u00bbon|hover\u00a0\u00bb button_bg_color__hover=\u00a0\u00bb#0a0a0a\u00a0\u00bb button_bg_enable_color__hover=\u00a0\u00bbon\u00a0\u00bb][\/et_pb_button][\/et_pb_column][et_pb_column type=\u00a0\u00bb1_3&Prime; _builder_version=\u00a0\u00bb4.16&Prime; custom_padding=\u00a0\u00bb|||\u00a0\u00bb global_colors_info=\u00a0\u00bb{}\u00a0\u00bb custom_padding__hover=\u00a0\u00bb|||\u00a0\u00bb][et_pb_blurb title=\u00a0\u00bbTARRACO ROMAINE\u00a0\u00bb image=\u00a0\u00bbhttps:\/\/visitaltafulla.cat\/wp-content\/uploads\/2022\/05\/Altafulla-ElsCaminsDAltafulla.webp\u00a0\u00bb alt=\u00a0\u00bbGuide Chemins Tarraco Romaine\u00a0\u00bb _builder_version=\u00a0\u00bb4.17.4&Prime; header_font=\u00a0\u00bbPoppins|700|||||||\u00a0\u00bb header_font_size=\u00a0\u00bb24px\u00a0\u00bb body_font=\u00a0\u00bbPoppins||||||||\u00a0\u00bb body_text_color=\u00a0\u00bb#000000&Prime; body_font_size=\u00a0\u00bb18px\u00a0\u00bb body_line_height=\u00a0\u00bb1.9em\u00a0\u00bb animation_style=\u00a0\u00bbzoom\u00a0\u00bb animation_intensity_zoom=\u00a0\u00bb10%\u00a0\u00bb locked=\u00a0\u00bboff\u00a0\u00bb global_colors_info=\u00a0\u00bb{}\u00a0\u00bb]<\/p>\n<p>Plans des chemins de la cit\u00e9 romaine de Tarraco. Villa Romana dels Munts, chemins d\u2019Altafulla et lieux d&rsquo;int\u00e9r\u00eat.<\/p>\n<p>[\/et_pb_blurb][et_pb_button button_url=\u00a0\u00bb@ET-DC@eyJkeW5hbWljIjp0cnVlLCJjb250ZW50IjoicG9zdF9saW5rX3VybF9hdHRhY2htZW50Iiwic2V0dGluZ3MiOnsicG9zdF9pZCI6IjI4NjMifX0=@\u00a0\u00bb url_new_window=\u00a0\u00bbon\u00a0\u00bb button_text=\u00a0\u00bbT\u00e9l\u00e9charger (27,7 MB)\u00a0\u00bb _builder_version=\u00a0\u00bb4.17.4&Prime; _dynamic_attributes=\u00a0\u00bbbutton_url\u00a0\u00bb _module_preset=\u00a0\u00bbdefault\u00a0\u00bb custom_button=\u00a0\u00bbon\u00a0\u00bb button_border_radius=\u00a0\u00bb0px\u00a0\u00bb button_icon=\u00a0\u00bb&#xf1c1;||fa||400&Prime; button_on_hover=\u00a0\u00bboff\u00a0\u00bb global_colors_info=\u00a0\u00bb{}\u00a0\u00bb button_text_color__hover=\u00a0\u00bb#FFFFFF\u00a0\u00bb button_text_color__hover_enabled=\u00a0\u00bbon|hover\u00a0\u00bb button_bg_color__hover=\u00a0\u00bb#0a0a0a\u00a0\u00bb button_bg_color__hover_enabled=\u00a0\u00bbon|hover\u00a0\u00bb][\/et_pb_button][\/et_pb_column][\/et_pb_row][et_pb_row _builder_version=\u00a0\u00bb4.19.4&Prime; _module_preset=\u00a0\u00bbdefault\u00a0\u00bb column_structure=\u00a0\u00bb1_3,1_3,1_3&Prime;][et_pb_column _builder_version=\u00a0\u00bb4.19.4&Prime; _module_preset=\u00a0\u00bbdefault\u00a0\u00bb type=\u00a0\u00bb1_3&Prime;][et_pb_blurb title=\u00a0\u00bbALTAFULLA ESSENCE DE LA M\u00c9DITERRAN\u00c9E\u00a0\u00bb image=\u00a0\u00bbhttps:\/\/visitaltafulla.cat\/wp-content\/uploads\/2023\/02\/2022-Altafulla-EssenciaDelMediterrani.webp\u00a0\u00bb alt=\u00a0\u00bbAltafulla ess\u00e8ncia del Mediterrani\u00a0\u00bb _builder_version=\u00a0\u00bb4.19.4&Prime; header_font=\u00a0\u00bbPoppins|700|||||||\u00a0\u00bb header_font_size=\u00a0\u00bb24px\u00a0\u00bb body_font=\u00a0\u00bbPoppins||||||||\u00a0\u00bb body_text_color=\u00a0\u00bb#000000&Prime; body_font_size=\u00a0\u00bb18px\u00a0\u00bb body_line_height=\u00a0\u00bb1.9em\u00a0\u00bb animation_style=\u00a0\u00bbzoom\u00a0\u00bb animation_intensity_zoom=\u00a0\u00bb10%\u00a0\u00bb hover_enabled=\u00a0\u00bb0&Prime; locked=\u00a0\u00bboff\u00a0\u00bb global_colors_info=\u00a0\u00bb{}\u00a0\u00bb title_text=\u00a0\u00bb2022-Altafulla-EssenciaDelMediterrani\u00a0\u00bb sticky_enabled=\u00a0\u00bb0&Prime;]Altafulla est synonyme de bonheur, nature et m\u00e9moire.[\/et_pb_blurb][\/et_pb_column][et_pb_column _builder_version=\u00a0\u00bb4.19.4&Prime; _module_preset=\u00a0\u00bbdefault\u00a0\u00bb type=\u00a0\u00bb1_3&Prime;][\/et_pb_column][et_pb_column _builder_version=\u00a0\u00bb4.19.4&Prime; _module_preset=\u00a0\u00bbdefault\u00a0\u00bb type=\u00a0\u00bb1_3&Prime;][\/et_pb_column][\/et_pb_row][\/et_pb_section]<\/p>\n","protected":false},"excerpt":{"rendered":"<p>Guides touristiques PLANIFIEZAccueil \/ Planifiez \/ Guides touristiquesPlan d&rsquo;Altafulla avec tous les lieux d&rsquo;int\u00e9r\u00eat, h\u00f4tels, campings et g\u00eetes.Plan touristique d&rsquo;Altafulla avec ses lieux d&rsquo;int\u00e9r\u00eat et un index toponymique.Plans des chemins [&hellip;]<\/p>\n","protected":false},"author":1,"featured_media":0,"parent":3826,"menu_order":0,"comment_status":"closed","ping_status":"closed","template":"","meta":{"_et_pb_use_builder":"on","_et_pb_old_content":"","_et_gb_content_width":"","footnotes":""},"class_list":["post-3829","page","type-page","status-publish","hentry"],"yoast_head":"<!-- This site is optimized with the Yoast SEO plugin v27.3 - https:\/\/yoast.com\/product\/yoast-seo-wordpress\/ -->\n<title>Guides Touristiques Altafulla - Altafulla<\/title>\n<meta name=\"robots\" content=\"index, follow, max-snippet:-1, max-image-preview:large, max-video-preview:-1\" \/>\n<link rel=\"canonical\" href=\"https:\/\/visitaltafulla.cat\/fr\/planifiez-votre-voyage-a-altafulla\/guides-touristiques-altafulla\/\" \/>\n<meta property=\"og:locale\" content=\"fr_FR\" \/>\n<meta property=\"og:type\" content=\"article\" \/>\n<meta property=\"og:title\" content=\"Guides Touristiques Altafulla - Altafulla\" \/>\n<meta property=\"og:description\" content=\"Guides touristiques PLANIFIEZAccueil \/ Planifiez \/ Guides touristiquesPlan d&#039;Altafulla avec tous les lieux d&#039;int\u00e9r\u00eat, h\u00f4tels, campings et g\u00eetes.Plan touristique d&#039;Altafulla avec ses lieux d&#039;int\u00e9r\u00eat et un index toponymique.Plans des chemins [&hellip;]\" \/>\n<meta property=\"og:url\" content=\"https:\/\/visitaltafulla.cat\/fr\/planifiez-votre-voyage-a-altafulla\/guides-touristiques-altafulla\/\" \/>\n<meta property=\"og:site_name\" content=\"Altafulla\" \/>\n<meta property=\"article:modified_time\" content=\"2023-02-01T18:58:37+00:00\" \/>\n<meta name=\"twitter:card\" content=\"summary_large_image\" \/>\n<meta name=\"twitter:label1\" content=\"Dur\u00e9e de lecture estim\u00e9e\" \/>\n\t<meta name=\"twitter:data1\" content=\"2 minutes\" \/>\n<script type=\"application\/ld+json\" class=\"yoast-schema-graph\">{\"@context\":\"https:\\\/\\\/schema.org\",\"@graph\":[{\"@type\":\"WebPage\",\"@id\":\"https:\\\/\\\/visitaltafulla.cat\\\/fr\\\/planifiez-votre-voyage-a-altafulla\\\/guides-touristiques-altafulla\\\/\",\"url\":\"https:\\\/\\\/visitaltafulla.cat\\\/fr\\\/planifiez-votre-voyage-a-altafulla\\\/guides-touristiques-altafulla\\\/\",\"name\":\"Guides Touristiques Altafulla - Altafulla\",\"isPartOf\":{\"@id\":\"https:\\\/\\\/visitaltafulla.cat\\\/fr\\\/#website\"},\"datePublished\":\"2022-03-20T15:18:05+00:00\",\"dateModified\":\"2023-02-01T18:58:37+00:00\",\"breadcrumb\":{\"@id\":\"https:\\\/\\\/visitaltafulla.cat\\\/fr\\\/planifiez-votre-voyage-a-altafulla\\\/guides-touristiques-altafulla\\\/#breadcrumb\"},\"inLanguage\":\"fr-FR\",\"potentialAction\":[{\"@type\":\"ReadAction\",\"target\":[\"https:\\\/\\\/visitaltafulla.cat\\\/fr\\\/planifiez-votre-voyage-a-altafulla\\\/guides-touristiques-altafulla\\\/\"]}]},{\"@type\":\"BreadcrumbList\",\"@id\":\"https:\\\/\\\/visitaltafulla.cat\\\/fr\\\/planifiez-votre-voyage-a-altafulla\\\/guides-touristiques-altafulla\\\/#breadcrumb\",\"itemListElement\":[{\"@type\":\"ListItem\",\"position\":1,\"name\":\"Inici\",\"item\":\"https:\\\/\\\/visitaltafulla.cat\\\/fr\\\/\"},{\"@type\":\"ListItem\",\"position\":2,\"name\":\"Planifiez votre voyage \u00e0 Altafulla\",\"item\":\"https:\\\/\\\/visitaltafulla.cat\\\/fr\\\/planifiez-votre-voyage-a-altafulla\\\/\"},{\"@type\":\"ListItem\",\"position\":3,\"name\":\"Guides Touristiques Altafulla\"}]},{\"@type\":\"WebSite\",\"@id\":\"https:\\\/\\\/visitaltafulla.cat\\\/fr\\\/#website\",\"url\":\"https:\\\/\\\/visitaltafulla.cat\\\/fr\\\/\",\"name\":\"Altafulla\",\"description\":\"On s&#039;inspira el talent\",\"potentialAction\":[{\"@type\":\"SearchAction\",\"target\":{\"@type\":\"EntryPoint\",\"urlTemplate\":\"https:\\\/\\\/visitaltafulla.cat\\\/fr\\\/?s={search_term_string}\"},\"query-input\":{\"@type\":\"PropertyValueSpecification\",\"valueRequired\":true,\"valueName\":\"search_term_string\"}}],\"inLanguage\":\"fr-FR\"}]}<\/script>\n<!-- \/ Yoast SEO plugin. -->","yoast_head_json":{"title":"Guides Touristiques Altafulla - Altafulla","robots":{"index":"index","follow":"follow","max-snippet":"max-snippet:-1","max-image-preview":"max-image-preview:large","max-video-preview":"max-video-preview:-1"},"canonical":"https:\/\/visitaltafulla.cat\/fr\/planifiez-votre-voyage-a-altafulla\/guides-touristiques-altafulla\/","og_locale":"fr_FR","og_type":"article","og_title":"Guides Touristiques Altafulla - Altafulla","og_description":"Guides touristiques PLANIFIEZAccueil \/ Planifiez \/ Guides touristiquesPlan d'Altafulla avec tous les lieux d'int\u00e9r\u00eat, h\u00f4tels, campings et g\u00eetes.Plan touristique d'Altafulla avec ses lieux d'int\u00e9r\u00eat et un index toponymique.Plans des chemins [&hellip;]","og_url":"https:\/\/visitaltafulla.cat\/fr\/planifiez-votre-voyage-a-altafulla\/guides-touristiques-altafulla\/","og_site_name":"Altafulla","article_modified_time":"2023-02-01T18:58:37+00:00","twitter_card":"summary_large_image","twitter_misc":{"Dur\u00e9e de lecture estim\u00e9e":"2 minutes"},"schema":{"@context":"https:\/\/schema.org","@graph":[{"@type":"WebPage","@id":"https:\/\/visitaltafulla.cat\/fr\/planifiez-votre-voyage-a-altafulla\/guides-touristiques-altafulla\/","url":"https:\/\/visitaltafulla.cat\/fr\/planifiez-votre-voyage-a-altafulla\/guides-touristiques-altafulla\/","name":"Guides Touristiques Altafulla - Altafulla","isPartOf":{"@id":"https:\/\/visitaltafulla.cat\/fr\/#website"},"datePublished":"2022-03-20T15:18:05+00:00","dateModified":"2023-02-01T18:58:37+00:00","breadcrumb":{"@id":"https:\/\/visitaltafulla.cat\/fr\/planifiez-votre-voyage-a-altafulla\/guides-touristiques-altafulla\/#breadcrumb"},"inLanguage":"fr-FR","potentialAction":[{"@type":"ReadAction","target":["https:\/\/visitaltafulla.cat\/fr\/planifiez-votre-voyage-a-altafulla\/guides-touristiques-altafulla\/"]}]},{"@type":"BreadcrumbList","@id":"https:\/\/visitaltafulla.cat\/fr\/planifiez-votre-voyage-a-altafulla\/guides-touristiques-altafulla\/#breadcrumb","itemListElement":[{"@type":"ListItem","position":1,"name":"Inici","item":"https:\/\/visitaltafulla.cat\/fr\/"},{"@type":"ListItem","position":2,"name":"Planifiez votre voyage \u00e0 Altafulla","item":"https:\/\/visitaltafulla.cat\/fr\/planifiez-votre-voyage-a-altafulla\/"},{"@type":"ListItem","position":3,"name":"Guides Touristiques Altafulla"}]},{"@type":"WebSite","@id":"https:\/\/visitaltafulla.cat\/fr\/#website","url":"https:\/\/visitaltafulla.cat\/fr\/","name":"Altafulla","description":"On s&#039;inspira el talent","potentialAction":[{"@type":"SearchAction","target":{"@type":"EntryPoint","urlTemplate":"https:\/\/visitaltafulla.cat\/fr\/?s={search_term_string}"},"query-input":{"@type":"PropertyValueSpecification","valueRequired":true,"valueName":"search_term_string"}}],"inLanguage":"fr-FR"}]}},"_links":{"self":[{"href":"https:\/\/visitaltafulla.cat\/fr\/wp-json\/wp\/v2\/pages\/3829","targetHints":{"allow":["GET"]}}],"collection":[{"href":"https:\/\/visitaltafulla.cat\/fr\/wp-json\/wp\/v2\/pages"}],"about":[{"href":"https:\/\/visitaltafulla.cat\/fr\/wp-json\/wp\/v2\/types\/page"}],"author":[{"embeddable":true,"href":"https:\/\/visitaltafulla.cat\/fr\/wp-json\/wp\/v2\/users\/1"}],"replies":[{"embeddable":true,"href":"https:\/\/visitaltafulla.cat\/fr\/wp-json\/wp\/v2\/comments?post=3829"}],"version-history":[{"count":2,"href":"https:\/\/visitaltafulla.cat\/fr\/wp-json\/wp\/v2\/pages\/3829\/revisions"}],"predecessor-version":[{"id":4764,"href":"https:\/\/visitaltafulla.cat\/fr\/wp-json\/wp\/v2\/pages\/3829\/revisions\/4764"}],"up":[{"embeddable":true,"href":"https:\/\/visitaltafulla.cat\/fr\/wp-json\/wp\/v2\/pages\/3826"}],"wp:attachment":[{"href":"https:\/\/visitaltafulla.cat\/fr\/wp-json\/wp\/v2\/media?parent=3829"}],"curies":[{"name":"wp","href":"https:\/\/api.w.org\/{rel}","templated":true}]}}